{"id":5025,"date":"2025-12-25T14:06:26","date_gmt":"2025-12-25T14:06:26","guid":{"rendered":"https:\/\/medikodental.com.tr\/?post_type=product&#038;p=5025"},"modified":"2025-12-26T20:38:36","modified_gmt":"2025-12-26T20:38:36","slug":"memory-titanol","status":"publish","type":"product","link":"https:\/\/medikodental.com.tr\/en\/urunler\/teller\/forestadent-teller\/memory-titanol\/","title":{"rendered":"Memory Titanol"},"content":{"rendered":"","protected":false},"excerpt":{"rendered":"<p>Az\u0131 di\u015flerinin mezalizasyonu, giri\u015fi veya ekstr\u00fczyonu i\u00e7in esnek sistem.<\/p>\n<p><a class=\"md-pdf\" href=\"\/images\/Memory_Titanol_Kat.pdf\" target=\"_blank\" rel=\"noopener\"><br \/>\n<span class=\"md-icon\">\ud83d\udcc4<\/span><br \/>\n<span class=\"md-text\">Catalog<\/span><br \/>\n<\/a><\/p>","protected":false},"featured_media":5026,"comment_status":"open","ping_status":"closed","template":"","meta":{"ngg_post_thumbnail":0,"_joinchat":[]},"product_brand":[],"product_cat":[114,112],"product_tag":[],"class_list":{"0":"post-5025","1":"product","2":"type-product","3":"status-publish","4":"has-post-thumbnail","6":"product_cat-forestadent-teller","7":"product_cat-teller","9":"first","10":"instock","11":"shipping-taxable","12":"product-type-simple"},"_links":{"self":[{"href":"https:\/\/medikodental.com.tr\/en\/wp-json\/wp\/v2\/product\/5025","targetHints":{"allow":["GET"]}}],"collection":[{"href":"https:\/\/medikodental.com.tr\/en\/wp-json\/wp\/v2\/product"}],"about":[{"href":"https:\/\/medikodental.com.tr\/en\/wp-json\/wp\/v2\/types\/product"}],"replies":[{"embeddable":true,"href":"https:\/\/medikodental.com.tr\/en\/wp-json\/wp\/v2\/comments?post=5025"}],"wp:featuredmedia":[{"embeddable":true,"href":"https:\/\/medikodental.com.tr\/en\/wp-json\/wp\/v2\/media\/5026"}],"wp:attachment":[{"href":"https:\/\/medikodental.com.tr\/en\/wp-json\/wp\/v2\/media?parent=5025"}],"wp:term":[{"taxonomy":"product_brand","embeddable":true,"href":"https:\/\/medikodental.com.tr\/en\/wp-json\/wp\/v2\/product_brand?post=5025"},{"taxonomy":"product_cat","embeddable":true,"href":"https:\/\/medikodental.com.tr\/en\/wp-json\/wp\/v2\/product_cat?post=5025"},{"taxonomy":"product_tag","embeddable":true,"href":"https:\/\/medikodental.com.tr\/en\/wp-json\/wp\/v2\/product_tag?post=5025"}],"curies":[{"name":"wp","href":"https:\/\/api.w.org\/{rel}","templated":true}]}}