{"id":4853,"date":"2025-12-25T11:28:31","date_gmt":"2025-12-25T11:28:31","guid":{"rendered":"https:\/\/medikodental.com.tr\/?post_type=product&#038;p=4853"},"modified":"2025-12-28T08:12:56","modified_gmt":"2025-12-28T08:12:56","slug":"quicklear","status":"publish","type":"product","link":"https:\/\/medikodental.com.tr\/en\/urunler\/braket\/kapakli\/seramik\/forestadent-seramik\/quicklear\/","title":{"rendered":"QuicKlear"},"content":{"rendered":"","protected":false},"excerpt":{"rendered":"<p>QuicKlear\u00ae III braketleri. H\u0131zl\u0131, sa\u011fduyulu, her zamankinden daha rahat.<\/p>\n<p><a class=\"md-pdf\" href=\"\/images\/QuicKlear_Doktor.pdf\" target=\"_blank\" rel=\"noopener\"><br \/>\n<span class=\"md-icon\">\ud83d\udcc4<\/span><br \/>\n<span class=\"md-text\">Doctor Brochure<\/span><br \/>\n<\/a><\/p>","protected":false},"featured_media":4854,"comment_status":"open","ping_status":"closed","template":"","meta":{"ngg_post_thumbnail":0,"_joinchat":[]},"product_brand":[],"product_cat":[42,105,99,103],"product_tag":[],"class_list":{"0":"post-4853","1":"product","2":"type-product","3":"status-publish","4":"has-post-thumbnail","6":"product_cat-braket","7":"product_cat-forestadent-seramik","8":"product_cat-kapakli","9":"product_cat-seramik","11":"first","12":"instock","13":"shipping-taxable","14":"product-type-simple"},"_links":{"self":[{"href":"https:\/\/medikodental.com.tr\/en\/wp-json\/wp\/v2\/product\/4853","targetHints":{"allow":["GET"]}}],"collection":[{"href":"https:\/\/medikodental.com.tr\/en\/wp-json\/wp\/v2\/product"}],"about":[{"href":"https:\/\/medikodental.com.tr\/en\/wp-json\/wp\/v2\/types\/product"}],"replies":[{"embeddable":true,"href":"https:\/\/medikodental.com.tr\/en\/wp-json\/wp\/v2\/comments?post=4853"}],"wp:featuredmedia":[{"embeddable":true,"href":"https:\/\/medikodental.com.tr\/en\/wp-json\/wp\/v2\/media\/4854"}],"wp:attachment":[{"href":"https:\/\/medikodental.com.tr\/en\/wp-json\/wp\/v2\/media?parent=4853"}],"wp:term":[{"taxonomy":"product_brand","embeddable":true,"href":"https:\/\/medikodental.com.tr\/en\/wp-json\/wp\/v2\/product_brand?post=4853"},{"taxonomy":"product_cat","embeddable":true,"href":"https:\/\/medikodental.com.tr\/en\/wp-json\/wp\/v2\/product_cat?post=4853"},{"taxonomy":"product_tag","embeddable":true,"href":"https:\/\/medikodental.com.tr\/en\/wp-json\/wp\/v2\/product_tag?post=4853"}],"curies":[{"name":"wp","href":"https:\/\/api.w.org\/{rel}","templated":true}]}}