{"id":4831,"date":"2025-12-25T11:03:13","date_gmt":"2025-12-25T11:03:13","guid":{"rendered":"https:\/\/medikodental.com.tr\/?post_type=product&#038;p=4831"},"modified":"2025-12-26T15:49:36","modified_gmt":"2025-12-26T15:49:36","slug":"accent-mini","status":"publish","type":"product","link":"https:\/\/medikodental.com.tr\/en\/urunler\/tupler\/ormco-tupler\/accent-mini\/","title":{"rendered":"Accent Mini"},"content":{"rendered":"","protected":false},"excerpt":{"rendered":"<p>Accent Mini uygun fiyatl\u0131, d\u00fc\u015f\u00fck profilli bukkal t\u00fcpt\u00fcr. Yerle\u015ftirmesi kolay ve birinci ve ikinci olarak g\u00fcvenli bir \u015fekilde oturur. B\u00fck\u00fclebilir &#8220;J&#8221; kanca gibi geli\u015fmi\u015f \u00f6zelliklerle, geni\u015fletilmi\u015f mezial yuva a\u00e7ma ve distal uzatma, Accent Mini, doktorlar\u0131n tercih ettikleri tedavi mekani\u011fini kullan\u0131rken daha iyi klinik y\u00f6netim sa\u011flamas\u0131na yard\u0131mc\u0131 olur.<\/p>\n<p><a class=\"md-pdf\" href=\"\/images\/Accent_Min_Kat.pdf\" target=\"_blank\" rel=\"noopener\"><br \/>\n<span class=\"md-icon\">\ud83d\udcc4<\/span><br \/>\n<span class=\"md-text\">Catalog<\/span><br \/>\n<\/a><\/p>\n<p><a class=\"md-pdf\" href=\"\/images\/Accent_Mini_Doktor.pdf\" target=\"_blank\" rel=\"noopener\"><br \/>\n<span class=\"md-icon\">\ud83d\udcc4<\/span><br \/>\n<span class=\"md-text\">Doctor Brochure<\/span><br \/>\n<\/a><\/p>","protected":false},"featured_media":4832,"comment_status":"open","ping_status":"closed","template":"","meta":{"ngg_post_thumbnail":0,"_joinchat":[]},"product_brand":[],"product_cat":[107,106],"product_tag":[],"class_list":{"0":"post-4831","1":"product","2":"type-product","3":"status-publish","4":"has-post-thumbnail","6":"product_cat-ormco-tupler","7":"product_cat-tupler","9":"first","10":"instock","11":"shipping-taxable","12":"product-type-simple"},"_links":{"self":[{"href":"https:\/\/medikodental.com.tr\/en\/wp-json\/wp\/v2\/product\/4831","targetHints":{"allow":["GET"]}}],"collection":[{"href":"https:\/\/medikodental.com.tr\/en\/wp-json\/wp\/v2\/product"}],"about":[{"href":"https:\/\/medikodental.com.tr\/en\/wp-json\/wp\/v2\/types\/product"}],"replies":[{"embeddable":true,"href":"https:\/\/medikodental.com.tr\/en\/wp-json\/wp\/v2\/comments?post=4831"}],"wp:featuredmedia":[{"embeddable":true,"href":"https:\/\/medikodental.com.tr\/en\/wp-json\/wp\/v2\/media\/4832"}],"wp:attachment":[{"href":"https:\/\/medikodental.com.tr\/en\/wp-json\/wp\/v2\/media?parent=4831"}],"wp:term":[{"taxonomy":"product_brand","embeddable":true,"href":"https:\/\/medikodental.com.tr\/en\/wp-json\/wp\/v2\/product_brand?post=4831"},{"taxonomy":"product_cat","embeddable":true,"href":"https:\/\/medikodental.com.tr\/en\/wp-json\/wp\/v2\/product_cat?post=4831"},{"taxonomy":"product_tag","embeddable":true,"href":"https:\/\/medikodental.com.tr\/en\/wp-json\/wp\/v2\/product_tag?post=4831"}],"curies":[{"name":"wp","href":"https:\/\/api.w.org\/{rel}","templated":true}]}}