{"id":4819,"date":"2025-12-25T10:45:22","date_gmt":"2025-12-25T10:45:22","guid":{"rendered":"https:\/\/medikodental.com.tr\/?post_type=product&#038;p=4819"},"modified":"2025-12-26T20:22:27","modified_gmt":"2025-12-26T20:22:27","slug":"washbon","status":"publish","type":"product","link":"https:\/\/medikodental.com.tr\/en\/urunler\/bantlar\/ormco-bantlar\/washbon\/","title":{"rendered":"Washbon"},"content":{"rendered":"","protected":false},"excerpt":{"rendered":"<p>Her bir kit e\u015fit say\u0131da sol bant ve sa\u011f bant i\u00e7erir.<\/p>\n<p><a class=\"md-pdf\" href=\"\/images\/Washbon_Doktor.pdf\" target=\"_blank\" rel=\"noopener\"><br \/>\n<span class=\"md-icon\">\ud83d\udcc4<\/span><br \/>\n<span class=\"md-text\">Doctor Brochure<\/span><br \/>\n<\/a><\/p>","protected":false},"featured_media":4820,"comment_status":"open","ping_status":"closed","template":"","meta":{"ngg_post_thumbnail":0,"_joinchat":[]},"product_brand":[],"product_cat":[110,111],"product_tag":[],"class_list":{"0":"post-4819","1":"product","2":"type-product","3":"status-publish","4":"has-post-thumbnail","6":"product_cat-bantlar","7":"product_cat-ormco-bantlar","9":"first","10":"instock","11":"shipping-taxable","12":"product-type-simple"},"_links":{"self":[{"href":"https:\/\/medikodental.com.tr\/en\/wp-json\/wp\/v2\/product\/4819","targetHints":{"allow":["GET"]}}],"collection":[{"href":"https:\/\/medikodental.com.tr\/en\/wp-json\/wp\/v2\/product"}],"about":[{"href":"https:\/\/medikodental.com.tr\/en\/wp-json\/wp\/v2\/types\/product"}],"replies":[{"embeddable":true,"href":"https:\/\/medikodental.com.tr\/en\/wp-json\/wp\/v2\/comments?post=4819"}],"wp:featuredmedia":[{"embeddable":true,"href":"https:\/\/medikodental.com.tr\/en\/wp-json\/wp\/v2\/media\/4820"}],"wp:attachment":[{"href":"https:\/\/medikodental.com.tr\/en\/wp-json\/wp\/v2\/media?parent=4819"}],"wp:term":[{"taxonomy":"product_brand","embeddable":true,"href":"https:\/\/medikodental.com.tr\/en\/wp-json\/wp\/v2\/product_brand?post=4819"},{"taxonomy":"product_cat","embeddable":true,"href":"https:\/\/medikodental.com.tr\/en\/wp-json\/wp\/v2\/product_cat?post=4819"},{"taxonomy":"product_tag","embeddable":true,"href":"https:\/\/medikodental.com.tr\/en\/wp-json\/wp\/v2\/product_tag?post=4819"}],"curies":[{"name":"wp","href":"https:\/\/api.w.org\/{rel}","templated":true}]}}