{"id":4722,"date":"2025-12-25T07:44:30","date_gmt":"2025-12-25T07:44:30","guid":{"rendered":"https:\/\/medikodental.com.tr\/?post_type=product&#038;p=4722"},"modified":"2025-12-26T20:48:33","modified_gmt":"2025-12-26T20:48:33","slug":"optiband","status":"publish","type":"product","link":"https:\/\/medikodental.com.tr\/en\/urunler\/yapistiricilar\/ormco-yapistiricilar\/optiband\/","title":{"rendered":"Optiband"},"content":{"rendered":"","protected":false},"excerpt":{"rendered":"<p>Ormco yap\u0131\u015ft\u0131r\u0131c\u0131lar\u0131, bant ile di\u015f aras\u0131nda m\u00fckemmel tutuculuk ve ba\u011flanma sa\u011flar. Bu tek macunlu, \u0131\u015f\u0131kla sertle\u015fen florlu yap\u0131\u015ft\u0131r\u0131c\u0131, yap\u0131\u015fma g\u00fc\u00e7lendirici i\u00e7erir. At\u0131k olmamas\u0131 i\u00e7in kolay kullan\u0131ma sahip ve tek macunlu \u015f\u0131r\u0131nga olarak tasarlanm\u0131\u015ft\u0131r. Bu \u00fcr\u00fcn ayn\u0131 zamanda bite turbo i\u00e7in de kullan\u0131labilir.<\/p>\n<p><a class=\"md-pdf\" href=\"\/images\/Optiband_Kat.pdf\" target=\"_blank\" rel=\"noopener\"><br \/>\n<span class=\"md-icon\">\ud83d\udcc4<\/span><br \/>\n<span class=\"md-text\">Doctor Brochure<\/span><br \/>\n<\/a><\/p>","protected":false},"featured_media":4724,"comment_status":"open","ping_status":"closed","template":"","meta":{"ngg_post_thumbnail":0,"_joinchat":[]},"product_brand":[],"product_cat":[118,117],"product_tag":[],"class_list":{"0":"post-4722","1":"product","2":"type-product","3":"status-publish","4":"has-post-thumbnail","6":"product_cat-ormco-yapistiricilar","7":"product_cat-yapistiricilar","9":"first","10":"instock","11":"shipping-taxable","12":"product-type-simple"},"_links":{"self":[{"href":"https:\/\/medikodental.com.tr\/en\/wp-json\/wp\/v2\/product\/4722","targetHints":{"allow":["GET"]}}],"collection":[{"href":"https:\/\/medikodental.com.tr\/en\/wp-json\/wp\/v2\/product"}],"about":[{"href":"https:\/\/medikodental.com.tr\/en\/wp-json\/wp\/v2\/types\/product"}],"replies":[{"embeddable":true,"href":"https:\/\/medikodental.com.tr\/en\/wp-json\/wp\/v2\/comments?post=4722"}],"wp:featuredmedia":[{"embeddable":true,"href":"https:\/\/medikodental.com.tr\/en\/wp-json\/wp\/v2\/media\/4724"}],"wp:attachment":[{"href":"https:\/\/medikodental.com.tr\/en\/wp-json\/wp\/v2\/media?parent=4722"}],"wp:term":[{"taxonomy":"product_brand","embeddable":true,"href":"https:\/\/medikodental.com.tr\/en\/wp-json\/wp\/v2\/product_brand?post=4722"},{"taxonomy":"product_cat","embeddable":true,"href":"https:\/\/medikodental.com.tr\/en\/wp-json\/wp\/v2\/product_cat?post=4722"},{"taxonomy":"product_tag","embeddable":true,"href":"https:\/\/medikodental.com.tr\/en\/wp-json\/wp\/v2\/product_tag?post=4722"}],"curies":[{"name":"wp","href":"https:\/\/api.w.org\/{rel}","templated":true}]}}