{"id":4692,"date":"2025-12-24T18:01:20","date_gmt":"2025-12-24T18:01:20","guid":{"rendered":"https:\/\/medikodental.com.tr\/?post_type=product&#038;p=4692"},"modified":"2025-12-28T08:08:41","modified_gmt":"2025-12-28T08:08:41","slug":"damon-q-2","status":"publish","type":"product","link":"https:\/\/medikodental.com.tr\/en\/urunler\/braket\/kapakli\/metal\/ormco\/damon-q-2\/","title":{"rendered":"Damon Q"},"content":{"rendered":"","protected":false},"excerpt":{"rendered":"<p>Damon &#x2122; Q, pasif kendinden ba\u011flayan braketlerin kan\u0131tlanm\u0131\u015f bir kombinasyonu olan Damon &#x2122; Sisteminin \u00f6nemli bir par\u00e7as\u0131d\u0131r, y\u00fcksek teknoloji ark telleri ve minimal invaziv tedavi protokolleri ile d\u00fc\u015f\u00fck s\u00fcrt\u00fcnmeli sistem olarak tasarlanm\u0131\u015f d\u00fcz di\u015flerden daha fazlas\u0131 olan faydalar sa\u011flar. DamonSystem ile doktorlar, hastalar\u0131n takdir etti\u011fi tedavi deneyimini sa\u011flamak i\u00e7in y\u00fcz temelli, aerodinamik mekanikler kullanabilir &#8211; g\u00fczel geni\u015f daha az ofis ziyareti ve daha fazla konfor ile daha k\u0131sa s\u00fcrede g\u00fcl\u00fcmsetir.<\/p>\n<p><a class=\"md-pdf\" href=\"\/en\/Damon_Q\/Damon_Q_Doktor.pdf\/\" target=\"_blank\" rel=\"noopener\"><br \/>\n<span class=\"md-icon\">\ud83d\udcc4<\/span><br \/>\n<span class=\"md-text\">Doctor Brochure<\/span><br \/>\n<\/a><\/p>\n<p><a class=\"md-pdf\"><br \/>\n<span class=\"md-icon\">\ud83d\udcc4<\/span><br \/>\n<span class=\"md-text\">Hasta Bro\u015f\u00fcr\u00fc<\/span><br \/>\n<\/a><\/p>","protected":false},"featured_media":4695,"comment_status":"open","ping_status":"closed","template":"","meta":{"ngg_post_thumbnail":0,"_joinchat":[]},"product_brand":[],"product_cat":[42,99,100,101],"product_tag":[],"class_list":{"0":"post-4692","1":"product","2":"type-product","3":"status-publish","4":"has-post-thumbnail","6":"product_cat-braket","7":"product_cat-kapakli","8":"product_cat-metal","9":"product_cat-ormco","11":"first","12":"instock","13":"shipping-taxable","14":"product-type-simple"},"_links":{"self":[{"href":"https:\/\/medikodental.com.tr\/en\/wp-json\/wp\/v2\/product\/4692","targetHints":{"allow":["GET"]}}],"collection":[{"href":"https:\/\/medikodental.com.tr\/en\/wp-json\/wp\/v2\/product"}],"about":[{"href":"https:\/\/medikodental.com.tr\/en\/wp-json\/wp\/v2\/types\/product"}],"replies":[{"embeddable":true,"href":"https:\/\/medikodental.com.tr\/en\/wp-json\/wp\/v2\/comments?post=4692"}],"wp:featuredmedia":[{"embeddable":true,"href":"https:\/\/medikodental.com.tr\/en\/wp-json\/wp\/v2\/media\/4695"}],"wp:attachment":[{"href":"https:\/\/medikodental.com.tr\/en\/wp-json\/wp\/v2\/media?parent=4692"}],"wp:term":[{"taxonomy":"product_brand","embeddable":true,"href":"https:\/\/medikodental.com.tr\/en\/wp-json\/wp\/v2\/product_brand?post=4692"},{"taxonomy":"product_cat","embeddable":true,"href":"https:\/\/medikodental.com.tr\/en\/wp-json\/wp\/v2\/product_cat?post=4692"},{"taxonomy":"product_tag","embeddable":true,"href":"https:\/\/medikodental.com.tr\/en\/wp-json\/wp\/v2\/product_tag?post=4692"}],"curies":[{"name":"wp","href":"https:\/\/api.w.org\/{rel}","templated":true}]}}